{"id":2141,"date":"2022-09-08T11:59:11","date_gmt":"2022-09-08T09:59:11","guid":{"rendered":"https:\/\/work.dus.net\/cambio-de-proveedor\/"},"modified":"2026-02-13T18:03:39","modified_gmt":"2026-02-13T17:03:39","slug":"cambio-de-proveedor","status":"publish","type":"page","link":"https:\/\/www.dus.net\/es\/cambio-de-proveedor","title":{"rendered":"Cambio de proveedor"},"content":{"rendered":"[vc_row type=\u00bbfull_width_content\u00bb full_screen_row_position=\u00bbmiddle\u00bb column_margin=\u00bbdefault\u00bb equal_height=\u00bbyes\u00bb content_placement=\u00bbmiddle\u00bb column_direction=\u00bbdefault\u00bb column_direction_tablet=\u00bbdefault\u00bb column_direction_phone=\u00bbdefault\u00bb scene_position=\u00bbcenter\u00bb text_color=\u00bbdark\u00bb text_align=\u00bbleft\u00bb row_border_radius=\u00bbnone\u00bb row_border_radius_applies=\u00bbbg\u00bb overflow=\u00bbvisible\u00bb overlay_strength=\u00bb0.3&#8243; gradient_direction=\u00bbleft_to_right\u00bb shape_divider_position=\u00bbbottom\u00bb bg_image_animation=\u00bbnone\u00bb shape_type=\u00bb\u00bb][vc_column column_padding=\u00bbpadding-12-percent\u00bb column_padding_tablet=\u00bbinherit\u00bb column_padding_phone=\u00bbinherit\u00bb column_padding_position=\u00bball\u00bb translate_y=\u00bb20px\u00bb translate_x=\u00bb10%\u00bb translate_y_tablet=\u00bb30px\u00bb translate_x_tablet=\u00bb0px\u00bb translate_x_phone=\u00bbnonw\u00bb column_element_direction_desktop=\u00bbdefault\u00bb column_element_spacing=\u00bbdefault\u00bb desktop_text_alignment=\u00bbdefault\u00bb tablet_text_alignment=\u00bbdefault\u00bb phone_text_alignment=\u00bbdefault\u00bb background_color=\u00bb#f0f5f9&#8243; background_color_opacity=\u00bb1&#8243; background_hover_color_opacity=\u00bb1&#8243; column_backdrop_filter=\u00bbnone\u00bb column_shadow=\u00bbnone\u00bb column_border_radius=\u00bbnone\u00bb column_link_target=\u00bb_self\u00bb column_position=\u00bbdefault\u00bb gradient_direction=\u00bbleft_t_to_right_b\u00bb overlay_strength=\u00bb1&#8243; width=\u00bb7\/12&#8243; tablet_width_inherit=\u00bbdefault\u00bb animation_type=\u00bbdefault\u00bb bg_image_animation=\u00bbnone\u00bb border_type=\u00bbsimple\u00bb column_border_width=\u00bbnone\u00bb column_border_style=\u00bbsolid\u00bb][vc_row_inner column_margin=\u00bbdefault\u00bb column_direction=\u00bbdefault\u00bb column_direction_tablet=\u00bbdefault\u00bb column_direction_phone=\u00bbdefault\u00bb translate_x=\u00bb-15%\u00bb translate_x_tablet=\u00bb0%\u00bb translate_x_phone=\u00bb0%\u00bb text_align=\u00bbleft\u00bb row_position=\u00bbdefault\u00bb row_position_tablet=\u00bbinherit\u00bb row_position_phone=\u00bbinherit\u00bb overflow=\u00bbvisible\u00bb pointer_events=\u00bball\u00bb][vc_column_inner column_padding=\u00bbno-extra-padding\u00bb column_padding_tablet=\u00bbinherit\u00bb column_padding_phone=\u00bbinherit\u00bb column_padding_position=\u00bball\u00bb column_element_direction_desktop=\u00bbdefault\u00bb column_element_spacing=\u00bbdefault\u00bb desktop_text_alignment=\u00bbdefault\u00bb tablet_text_alignment=\u00bbdefault\u00bb phone_text_alignment=\u00bbdefault\u00bb background_color_opacity=\u00bb1&#8243; background_hover_color_opacity=\u00bb1&#8243; column_backdrop_filter=\u00bbnone\u00bb column_shadow=\u00bbnone\u00bb column_border_radius=\u00bbnone\u00bb column_link_target=\u00bb_self\u00bb overflow=\u00bbvisible\u00bb gradient_direction=\u00bbleft_to_right\u00bb overlay_strength=\u00bb0.3&#8243; width=\u00bb1\/1&#8243; tablet_width_inherit=\u00bbdefault\u00bb animation_type=\u00bbdefault\u00bb bg_image_animation=\u00bbnone\u00bb border_type=\u00bbsimple\u00bb column_border_width=\u00bbnone\u00bb column_border_style=\u00bbsolid\u00bb column_padding_type=\u00bbdefault\u00bb gradient_type=\u00bbdefault\u00bb][vc_column_text css_animation=\u00bbnone\u00bb css=\u00bb.vc_custom_1662629700966{margin-bottom: 40px !important;}\u00bb max_width=\u00bb550&#8243;]\n<h2>Cambio de proveedor<\/h2>\n[\/vc_column_text][vc_column_text css_animation=\u00bbnone\u00bb css=\u00bb.vc_custom_1668004145396{margin-bottom: 40px !important;}\u00bb max_width=\u00bb550&#8243;]Con un cambio de proveedor (tambi\u00e9n llamado portabilidad), usted transfiere sus n\u00fameros de tel\u00e9fono, ya sean n\u00fameros individuales o bloques de n\u00fameros, de su proveedor actual a un nuevo proveedor. En la actualidad, esto se hace de forma relativamente sencilla y fiable, normalmente en 14 d\u00edas. Sin embargo, la fecha real de cambio siempre depende del proveedor del que se cambie y suele estar vinculada a la vigencia de su contrato con ese proveedor. Por lo tanto, lamentablemente no es posible una transferencia prematura de sus n\u00fameros de tel\u00e9fono fuera del contrato actual.<\/p>\n<p>Si se fija una fecha de cambio de proveedor, la portabilidad de los n\u00fameros se realiza ese d\u00eda, normalmente por la ma\u00f1ana entre las 06:00 y las 08:00. Esto ocurre, si todo va correctamente, de forma casi imperceptible para usted.<\/p>\n<p>El cambio de proveedor de su anterior proveedor a dus.net nunca se inicia directamente al contratar la tarifa, sino siempre como un proceso independiente a trav\u00e9s de nuestro centro de atenci\u00f3n al cliente. Con el formulario de cambio de proveedor generado all\u00ed, que el actual titular del n\u00famero debe firmar, podemos llevar a cabo la portabilidad y organizar todos los pasos posteriores por usted.[\/vc_column_text][\/vc_column_inner][\/vc_row_inner][\/vc_column][vc_column column_padding=\u00bbno-extra-padding\u00bb column_padding_tablet=\u00bbinherit\u00bb column_padding_phone=\u00bbinherit\u00bb column_padding_position=\u00bball\u00bb column_element_direction_desktop=\u00bbdefault\u00bb column_element_spacing=\u00bbdefault\u00bb desktop_text_alignment=\u00bbdefault\u00bb tablet_text_alignment=\u00bbdefault\u00bb phone_text_alignment=\u00bbdefault\u00bb background_color_opacity=\u00bb1&#8243; background_hover_color_opacity=\u00bb1&#8243; column_backdrop_filter=\u00bbnone\u00bb column_shadow=\u00bbnone\u00bb column_border_radius=\u00bbnone\u00bb column_link_target=\u00bb_self\u00bb column_position=\u00bbdefault\u00bb zindex=\u00bb100&#8243; gradient_direction=\u00bbleft_to_right\u00bb overlay_strength=\u00bb0.3&#8243; width=\u00bb5\/12&#8243; tablet_width_inherit=\u00bbdefault\u00bb animation_type=\u00bbdefault\u00bb bg_image_animation=\u00bbnone\u00bb border_type=\u00bbsimple\u00bb column_border_width=\u00bbnone\u00bb column_border_style=\u00bbsolid\u00bb][vc_row_inner column_margin=\u00bbdefault\u00bb column_direction=\u00bbdefault\u00bb column_direction_tablet=\u00bbdefault\u00bb column_direction_phone=\u00bbdefault\u00bb text_align=\u00bbleft\u00bb row_position=\u00bbdefault\u00bb row_position_tablet=\u00bbinherit\u00bb row_position_phone=\u00bbinherit\u00bb right_position_desktop=\u00bb-20px\u00bb overflow=\u00bbvisible\u00bb pointer_events=\u00bball\u00bb][vc_column_inner column_padding=\u00bbno-extra-padding\u00bb column_padding_tablet=\u00bbinherit\u00bb column_padding_phone=\u00bbinherit\u00bb column_padding_position=\u00bball\u00bb column_element_direction_desktop=\u00bbdefault\u00bb column_element_spacing=\u00bbdefault\u00bb desktop_text_alignment=\u00bbdefault\u00bb tablet_text_alignment=\u00bbdefault\u00bb phone_text_alignment=\u00bbdefault\u00bb background_color_opacity=\u00bb1&#8243; background_hover_color_opacity=\u00bb1&#8243; column_backdrop_filter=\u00bbnone\u00bb column_shadow=\u00bbnone\u00bb column_border_radius=\u00bbnone\u00bb column_link_target=\u00bb_self\u00bb overflow=\u00bbvisible\u00bb gradient_direction=\u00bbleft_to_right\u00bb overlay_strength=\u00bb0.3&#8243; width=\u00bb1\/1&#8243; tablet_width_inherit=\u00bbdefault\u00bb animation_type=\u00bbdefault\u00bb bg_image_animation=\u00bbnone\u00bb border_type=\u00bbsimple\u00bb column_border_width=\u00bbnone\u00bb column_border_style=\u00bbsolid\u00bb][image_with_animation image_url=\u00bb1727&#8243; image_size=\u00bbfull\u00bb animation_type=\u00bbentrance\u00bb animation=\u00bbFade In From Right\u00bb animation_easing=\u00bbdefault\u00bb animation_movement_type=\u00bbtransform_y\u00bb hover_animation=\u00bbnone\u00bb alignment=\u00bbright\u00bb border_radius=\u00bb20px\u00bb box_shadow=\u00bbnone\u00bb image_loading=\u00bbdefault\u00bb max_width=\u00bb125%\u00bb max_width_mobile=\u00bbdefault\u00bb margin_top_tablet=\u00bb0px\u00bb margin_bottom_tablet=\u00bb0px\u00bb margin_top_phone=\u00bb0px\u00bb margin_bottom_phone=\u00bb0px\u00bb margin_right=\u00bb-20px\u00bb][\/vc_column_inner][\/vc_row_inner][\/vc_column][\/vc_row]\n","protected":false},"excerpt":{"rendered":"<p>[vc_row type=\u00bbfull_width_content\u00bb full_screen_row_position=\u00bbmiddle\u00bb column_margin=\u00bbdefault\u00bb equal_height=\u00bbyes\u00bb content_placement=\u00bbmiddle\u00bb column_direction=\u00bbdefault\u00bb column_direction_tablet=\u00bbdefault\u00bb column_direction_phone=\u00bbdefault\u00bb scene_position=\u00bbcenter\u00bb text_color=\u00bbdark\u00bb text_align=\u00bbleft\u00bb row_border_radius=\u00bbnone\u00bb row_border_radius_applies=\u00bbbg\u00bb overflow=\u00bbvisible\u00bb overlay_strength=\u00bb0.3&#8243; gradient_direction=\u00bbleft_to_right\u00bb shape_divider_position=\u00bbbottom\u00bb bg_image_animation=\u00bbnone\u00bb shape_type=\u00bb\u00bb][vc_column column_padding=\u00bbpadding-12-percent\u00bb column_padding_tablet=\u00bbinherit\u00bb column_padding_phone=\u00bbinherit\u00bb column_padding_position=\u00bball\u00bb translate_y=\u00bb20px\u00bb translate_x=\u00bb10%\u00bb translate_y_tablet=\u00bb30px\u00bb translate_x_tablet=\u00bb0px\u00bb translate_x_phone=\u00bbnonw\u00bb column_element_direction_desktop=\u00bbdefault\u00bb&#8230;<\/p>\n","protected":false},"author":3,"featured_media":0,"parent":0,"menu_order":0,"comment_status":"closed","ping_status":"closed","template":"","meta":{"footnotes":""},"class_list":["post-2141","page","type-page","status-publish"],"aioseo_notices":[],"aioseo_head":"\n\t\t<!-- All in One SEO Pro 4.9.5.2 - aioseo.com -->\n\t<meta name=\"description\" content=\"Sin el estr\u00e9s de cambiar de proveedor: con dus.net puedes portar tus n\u00fameros de tel\u00e9fono r\u00e1pida y f\u00e1cilmente, normalmente en 14 d\u00edas. Nos ocupamos de todo.\" \/>\n\t<meta name=\"robots\" content=\"max-image-preview:large\" \/>\n\t<meta name=\"google-site-verification\" content=\"tO7nrsDtF3kFyJv1oaSYeH-BC_wbYHbAGP1m0EsIe48\" \/>\n\t<link rel=\"canonical\" href=\"https:\/\/www.dus.net\/es\/cambio-de-proveedor\" \/>\n\t<meta name=\"generator\" content=\"All in One SEO Pro (AIOSEO) 4.9.5.2\" \/>\n\t\t<meta property=\"og:locale\" content=\"es_ES\" \/>\n\t\t<meta property=\"og:site_name\" content=\"Moderne Telekommunikation - mit Sicherheit \u2190 IP Telefonie die alles bietet was Sie gesch\u00e4ftlich und privat ben\u00f6tigen\" \/>\n\t\t<meta property=\"og:type\" content=\"article\" \/>\n\t\t<meta property=\"og:title\" content=\"Cambiar de proveedor: Sencillo y r\u00e1pido - \u00a1N\u00fameros de puerto!\" \/>\n\t\t<meta property=\"og:description\" content=\"Sin el estr\u00e9s de cambiar de proveedor: con dus.net puedes portar tus n\u00fameros de tel\u00e9fono r\u00e1pida y f\u00e1cilmente, normalmente en 14 d\u00edas. Nos ocupamos de todo.\" \/>\n\t\t<meta property=\"og:url\" content=\"https:\/\/www.dus.net\/es\/cambio-de-proveedor\" \/>\n\t\t<meta property=\"og:image\" content=\"https:\/\/work.dus.net\/wp-content\/uploads\/AdobeStock_108769653-1-scaled.jpg\" \/>\n\t\t<meta property=\"og:image:secure_url\" content=\"https:\/\/work.dus.net\/wp-content\/uploads\/AdobeStock_108769653-1-scaled.jpg\" \/>\n\t\t<meta property=\"article:published_time\" content=\"2022-09-08T09:59:11+00:00\" \/>\n\t\t<meta property=\"article:modified_time\" content=\"2026-02-13T17:03:39+00:00\" \/>\n\t\t<meta name=\"twitter:card\" content=\"summary_large_image\" \/>\n\t\t<meta name=\"twitter:site\" content=\"@DusNet_GmbH\" \/>\n\t\t<meta name=\"twitter:title\" content=\"Cambiar de proveedor: Sencillo y r\u00e1pido - \u00a1N\u00fameros de puerto!\" \/>\n\t\t<meta name=\"twitter:description\" content=\"Sin el estr\u00e9s de cambiar de proveedor: con dus.net puedes portar tus n\u00fameros de tel\u00e9fono r\u00e1pida y f\u00e1cilmente, normalmente en 14 d\u00edas. Nos ocupamos de todo.\" \/>\n\t\t<meta name=\"twitter:creator\" content=\"@DusNet_GmbH\" \/>\n\t\t<meta name=\"twitter:image\" content=\"https:\/\/work.dus.net\/wp-content\/uploads\/AdobeStock_108769653-1-scaled.jpg\" \/>\n\t\t<script type=\"application\/ld+json\" class=\"aioseo-schema\">\n\t\t\t{\"@context\":\"https:\\\/\\\/schema.org\",\"@graph\":[{\"@type\":\"BreadcrumbList\",\"@id\":\"https:\\\/\\\/www.dus.net\\\/es\\\/cambio-de-proveedor#breadcrumblist\",\"itemListElement\":[{\"@type\":\"ListItem\",\"@id\":\"https:\\\/\\\/www.dus.net\\\/es#listItem\",\"position\":1,\"name\":\"Home\",\"item\":\"https:\\\/\\\/www.dus.net\\\/es\",\"nextItem\":{\"@type\":\"ListItem\",\"@id\":\"https:\\\/\\\/www.dus.net\\\/es\\\/cambio-de-proveedor#listItem\",\"name\":\"Cambio de proveedor\"}},{\"@type\":\"ListItem\",\"@id\":\"https:\\\/\\\/www.dus.net\\\/es\\\/cambio-de-proveedor#listItem\",\"position\":2,\"name\":\"Cambio de proveedor\",\"previousItem\":{\"@type\":\"ListItem\",\"@id\":\"https:\\\/\\\/www.dus.net\\\/es#listItem\",\"name\":\"Home\"}}]},{\"@type\":\"Organization\",\"@id\":\"https:\\\/\\\/www.dus.net\\\/es\\\/#organization\",\"name\":\"dus.net GmbH\",\"description\":\"dus.net ist ein spezialisierter VoIP-\\\/SIP-Telekommunikationsanbieter mit Fokus auf Cloud-Telefonie-Diensten f\\u00fcr Unternehmen und Endkunden. Von Airline Speziall\\u00f6sungen bis hin zur hochverf\\u00fcgbaren Telefonanlage bietet dus.net alles aus einer Hand und \\\"hosted in Germany\\\"\",\"url\":\"https:\\\/\\\/www.dus.net\\\/es\\\/\",\"email\":\"info@dus.net\",\"telephone\":\"+4921123704140\",\"foundingDate\":\"2004-12-21\",\"numberOfEmployees\":{\"@type\":\"QuantitativeValue\",\"minValue\":0,\"maxValue\":20},\"logo\":{\"@type\":\"ImageObject\",\"url\":\"https:\\\/\\\/work.dus.net\\\/wp-content\\\/uploads\\\/dus_net_light-background.svg\",\"@id\":\"https:\\\/\\\/www.dus.net\\\/es\\\/cambio-de-proveedor\\\/#organizationLogo\"},\"image\":{\"@id\":\"https:\\\/\\\/www.dus.net\\\/es\\\/cambio-de-proveedor\\\/#organizationLogo\"},\"sameAs\":[\"https:\\\/\\\/twitter.com\\\/DusNet_GmbH\"],\"address\":{\"@id\":\"https:\\\/\\\/www.dus.net\\\/es\\\/#postaladdress\",\"@type\":\"PostalAddress\",\"streetAddress\":\"Kaiserswerther Str. 215,\",\"postalCode\":\"40474\",\"addressLocality\":\"D\\u00fcsseldorf\",\"addressRegion\":\"Nordrhein-Westfalen\",\"addressCountry\":\"DE\"},\"taxID\":\"105\\\/5810\\\/3243\",\"vatID\":\"DE814260013\"},{\"@type\":\"WebPage\",\"@id\":\"https:\\\/\\\/www.dus.net\\\/es\\\/cambio-de-proveedor#webpage\",\"url\":\"https:\\\/\\\/www.dus.net\\\/es\\\/cambio-de-proveedor\",\"name\":\"Cambiar de proveedor: Sencillo y r\\u00e1pido - \\u00a1N\\u00fameros de puerto!\",\"description\":\"Sin el estr\\u00e9s de cambiar de proveedor: con dus.net puedes portar tus n\\u00fameros de tel\\u00e9fono r\\u00e1pida y f\\u00e1cilmente, normalmente en 14 d\\u00edas. Nos ocupamos de todo.\",\"inLanguage\":\"es-ES\",\"isPartOf\":{\"@id\":\"https:\\\/\\\/www.dus.net\\\/es\\\/#website\"},\"breadcrumb\":{\"@id\":\"https:\\\/\\\/www.dus.net\\\/es\\\/cambio-de-proveedor#breadcrumblist\"},\"datePublished\":\"2022-09-08T11:59:11+02:00\",\"dateModified\":\"2026-02-13T18:03:39+01:00\"},{\"@type\":\"WebSite\",\"@id\":\"https:\\\/\\\/www.dus.net\\\/es\\\/#website\",\"url\":\"https:\\\/\\\/www.dus.net\\\/es\\\/\",\"name\":\"www.dus.net\",\"description\":\"IP Telefonie die alles bietet was Sie gesch\\u00e4ftlich und privat ben\\u00f6tigen\",\"inLanguage\":\"es-ES\",\"publisher\":{\"@id\":\"https:\\\/\\\/www.dus.net\\\/es\\\/#organization\"}}]}\n\t\t<\/script>\n\t\t<!-- All in One SEO Pro -->\r\n\t\t<title>Cambiar de proveedor: Sencillo y r\u00e1pido - \u00a1N\u00fameros de puerto!<\/title>\n\n","aioseo_head_json":{"title":"Cambiar de proveedor: Sencillo y r\u00e1pido - \u00a1N\u00fameros de puerto!","description":"Sin el estr\u00e9s de cambiar de proveedor: con dus.net puedes portar tus n\u00fameros de tel\u00e9fono r\u00e1pida y f\u00e1cilmente, normalmente en 14 d\u00edas. Nos ocupamos de todo.","canonical_url":"https:\/\/www.dus.net\/es\/cambio-de-proveedor","robots":"max-image-preview:large","keywords":"","webmasterTools":{"google-site-verification":"tO7nrsDtF3kFyJv1oaSYeH-BC_wbYHbAGP1m0EsIe48","miscellaneous":""},"schema":{"@context":"https:\/\/schema.org","@graph":[{"@type":"BreadcrumbList","@id":"https:\/\/www.dus.net\/es\/cambio-de-proveedor#breadcrumblist","itemListElement":[{"@type":"ListItem","@id":"https:\/\/www.dus.net\/es#listItem","position":1,"name":"Home","item":"https:\/\/www.dus.net\/es","nextItem":{"@type":"ListItem","@id":"https:\/\/www.dus.net\/es\/cambio-de-proveedor#listItem","name":"Cambio de proveedor"}},{"@type":"ListItem","@id":"https:\/\/www.dus.net\/es\/cambio-de-proveedor#listItem","position":2,"name":"Cambio de proveedor","previousItem":{"@type":"ListItem","@id":"https:\/\/www.dus.net\/es#listItem","name":"Home"}}]},{"@type":"Organization","@id":"https:\/\/www.dus.net\/es\/#organization","name":"dus.net GmbH","description":"dus.net ist ein spezialisierter VoIP-\/SIP-Telekommunikationsanbieter mit Fokus auf Cloud-Telefonie-Diensten f\u00fcr Unternehmen und Endkunden. Von Airline Speziall\u00f6sungen bis hin zur hochverf\u00fcgbaren Telefonanlage bietet dus.net alles aus einer Hand und \"hosted in Germany\"","url":"https:\/\/www.dus.net\/es\/","email":"info@dus.net","telephone":"+4921123704140","foundingDate":"2004-12-21","numberOfEmployees":{"@type":"QuantitativeValue","minValue":0,"maxValue":20},"logo":{"@type":"ImageObject","url":"https:\/\/work.dus.net\/wp-content\/uploads\/dus_net_light-background.svg","@id":"https:\/\/www.dus.net\/es\/cambio-de-proveedor\/#organizationLogo"},"image":{"@id":"https:\/\/www.dus.net\/es\/cambio-de-proveedor\/#organizationLogo"},"sameAs":["https:\/\/twitter.com\/DusNet_GmbH"],"address":{"@id":"https:\/\/www.dus.net\/es\/#postaladdress","@type":"PostalAddress","streetAddress":"Kaiserswerther Str. 215,","postalCode":"40474","addressLocality":"D\u00fcsseldorf","addressRegion":"Nordrhein-Westfalen","addressCountry":"DE"},"taxID":"105\/5810\/3243","vatID":"DE814260013"},{"@type":"WebPage","@id":"https:\/\/www.dus.net\/es\/cambio-de-proveedor#webpage","url":"https:\/\/www.dus.net\/es\/cambio-de-proveedor","name":"Cambiar de proveedor: Sencillo y r\u00e1pido - \u00a1N\u00fameros de puerto!","description":"Sin el estr\u00e9s de cambiar de proveedor: con dus.net puedes portar tus n\u00fameros de tel\u00e9fono r\u00e1pida y f\u00e1cilmente, normalmente en 14 d\u00edas. Nos ocupamos de todo.","inLanguage":"es-ES","isPartOf":{"@id":"https:\/\/www.dus.net\/es\/#website"},"breadcrumb":{"@id":"https:\/\/www.dus.net\/es\/cambio-de-proveedor#breadcrumblist"},"datePublished":"2022-09-08T11:59:11+02:00","dateModified":"2026-02-13T18:03:39+01:00"},{"@type":"WebSite","@id":"https:\/\/www.dus.net\/es\/#website","url":"https:\/\/www.dus.net\/es\/","name":"www.dus.net","description":"IP Telefonie die alles bietet was Sie gesch\u00e4ftlich und privat ben\u00f6tigen","inLanguage":"es-ES","publisher":{"@id":"https:\/\/www.dus.net\/es\/#organization"}}]},"og:locale":"es_ES","og:site_name":"Moderne Telekommunikation - mit Sicherheit \u2190 IP Telefonie die alles bietet was Sie gesch\u00e4ftlich und privat ben\u00f6tigen","og:type":"article","og:title":"Cambiar de proveedor: Sencillo y r\u00e1pido - \u00a1N\u00fameros de puerto!","og:description":"Sin el estr\u00e9s de cambiar de proveedor: con dus.net puedes portar tus n\u00fameros de tel\u00e9fono r\u00e1pida y f\u00e1cilmente, normalmente en 14 d\u00edas. Nos ocupamos de todo.","og:url":"https:\/\/www.dus.net\/es\/cambio-de-proveedor","og:image":"https:\/\/work.dus.net\/wp-content\/uploads\/AdobeStock_108769653-1-scaled.jpg","og:image:secure_url":"https:\/\/work.dus.net\/wp-content\/uploads\/AdobeStock_108769653-1-scaled.jpg","article:published_time":"2022-09-08T09:59:11+00:00","article:modified_time":"2026-02-13T17:03:39+00:00","twitter:card":"summary_large_image","twitter:site":"@DusNet_GmbH","twitter:title":"Cambiar de proveedor: Sencillo y r\u00e1pido - \u00a1N\u00fameros de puerto!","twitter:description":"Sin el estr\u00e9s de cambiar de proveedor: con dus.net puedes portar tus n\u00fameros de tel\u00e9fono r\u00e1pida y f\u00e1cilmente, normalmente en 14 d\u00edas. Nos ocupamos de todo.","twitter:creator":"@DusNet_GmbH","twitter:image":"https:\/\/work.dus.net\/wp-content\/uploads\/AdobeStock_108769653-1-scaled.jpg"},"aioseo_meta_data":{"post_id":"2141","title":"Cambiar de proveedor: Sencillo y r\u00e1pido - \u00a1N\u00fameros de puerto!","description":"Sin el estr\u00e9s de cambiar de proveedor: con dus.net puedes portar tus n\u00fameros de tel\u00e9fono r\u00e1pida y f\u00e1cilmente, normalmente en 14 d\u00edas. Nos ocupamos de todo.","keywords":null,"keyphrases":{"focus":{"keyphrase":"portieren","score":54,"analysis":{"keyphraseInTitle":{"score":9,"maxScore":9,"error":0},"keyphraseInDescription":{"score":9,"maxScore":9,"error":0},"keyphraseLength":{"score":9,"maxScore":9,"error":0,"length":1},"keyphraseInURL":{"score":1,"maxScore":5,"error":1},"keyphraseInIntroduction":{"score":3,"maxScore":9,"error":1},"keyphraseInSubHeadings":{"score":3,"maxScore":9,"error":1},"keyphraseInImageAlt":{"score":3,"maxScore":9,"error":1},"keywordDensity":{"score":0,"type":"low","maxScore":9,"error":1}}},"additional":[{"keyphrase":"Anbieterwechsel","score":53,"analysis":{"keyphraseInDescription":{"score":3,"maxScore":9,"error":1},"keyphraseLength":{"score":9,"maxScore":9,"error":0,"length":1},"keyphraseInIntroduction":{"score":9,"maxScore":9,"error":0},"keyphraseInImageAlt":{"score":3,"maxScore":9,"error":1},"keywordDensity":{"type":"high","score":0,"maxScore":9,"error":1}}},{"keyphrase":"Portierung","score":73,"analysis":{"keyphraseInDescription":{"score":3,"maxScore":9,"error":1},"keyphraseLength":{"score":9,"maxScore":9,"error":0,"length":1},"keyphraseInIntroduction":{"score":9,"maxScore":9,"error":0},"keyphraseInImageAlt":{"score":3,"maxScore":9,"error":1},"keywordDensity":{"type":"best","score":9,"maxScore":9,"error":0}}},{"keyphrase":"Rufnummern","score":67,"analysis":{"keyphraseInDescription":{"score":9,"maxScore":9,"error":0},"keyphraseLength":{"score":9,"maxScore":9,"error":0,"length":1},"keyphraseInIntroduction":{"score":9,"maxScore":9,"error":0},"keyphraseInImageAlt":{"score":3,"maxScore":9,"error":1},"keywordDensity":{"type":"high","score":0,"maxScore":9,"error":1}}}]},"primary_term":null,"canonical_url":null,"og_title":null,"og_description":null,"og_object_type":"default","og_image_type":"default","og_image_url":null,"og_image_width":null,"og_image_height":null,"og_image_custom_url":null,"og_image_custom_fields":null,"og_video":"","og_custom_url":null,"og_article_section":null,"og_article_tags":null,"twitter_use_og":false,"twitter_card":"default","twitter_image_type":"default","twitter_image_url":null,"twitter_image_custom_url":null,"twitter_image_custom_fields":null,"twitter_title":null,"twitter_description":null,"schema":{"blockGraphs":[],"customGraphs":[],"default":{"data":{"Article":[],"Course":[],"Dataset":[],"FAQPage":[],"Movie":[],"Person":[],"Product":[],"ProductReview":[],"Car":[],"Recipe":[],"Service":[],"SoftwareApplication":[],"WebPage":[]},"graphName":"WebPage","isEnabled":true},"graphs":[]},"schema_type":"default","schema_type_options":null,"pillar_content":false,"robots_default":true,"robots_noindex":false,"robots_noarchive":false,"robots_nosnippet":false,"robots_nofollow":false,"robots_noimageindex":false,"robots_noodp":false,"robots_notranslate":false,"robots_max_snippet":"-1","robots_max_videopreview":"-1","robots_max_imagepreview":"large","priority":null,"frequency":"default","local_seo":null,"seo_analyzer_scan_date":"2026-02-13 17:05:56","breadcrumb_settings":null,"limit_modified_date":false,"reviewed_by":"0","open_ai":null,"ai":{"faqs":[],"keyPoints":[],"titles":[],"descriptions":[],"socialPosts":{"email":[],"linkedin":[],"twitter":[],"facebook":[],"instagram":[]}},"created":"2023-03-20 10:59:15","updated":"2026-02-13 17:15:59"},"aioseo_breadcrumb":"<div class=\"aioseo-breadcrumbs\"><span class=\"aioseo-breadcrumb\">\n\t<a href=\"https:\/\/www.dus.net\/es\" title=\"Home\">Home<\/a>\n<\/span><span class=\"aioseo-breadcrumb-separator\">\u00bb<\/span><span class=\"aioseo-breadcrumb\">\n\tCambio de proveedor\n<\/span><\/div>","aioseo_breadcrumb_json":[{"label":"Home","link":"https:\/\/www.dus.net\/es"},{"label":"Cambio de proveedor","link":"https:\/\/www.dus.net\/es\/cambio-de-proveedor"}],"_links":{"self":[{"href":"https:\/\/www.dus.net\/es\/wp-json\/wp\/v2\/pages\/2141","targetHints":{"allow":["GET"]}}],"collection":[{"href":"https:\/\/www.dus.net\/es\/wp-json\/wp\/v2\/pages"}],"about":[{"href":"https:\/\/www.dus.net\/es\/wp-json\/wp\/v2\/types\/page"}],"author":[{"embeddable":true,"href":"https:\/\/www.dus.net\/es\/wp-json\/wp\/v2\/users\/3"}],"replies":[{"embeddable":true,"href":"https:\/\/www.dus.net\/es\/wp-json\/wp\/v2\/comments?post=2141"}],"version-history":[{"count":16,"href":"https:\/\/www.dus.net\/es\/wp-json\/wp\/v2\/pages\/2141\/revisions"}],"predecessor-version":[{"id":3219,"href":"https:\/\/www.dus.net\/es\/wp-json\/wp\/v2\/pages\/2141\/revisions\/3219"}],"wp:attachment":[{"href":"https:\/\/www.dus.net\/es\/wp-json\/wp\/v2\/media?parent=2141"}],"curies":[{"name":"wp","href":"https:\/\/api.w.org\/{rel}","templated":true}]}}